{"id":19780,"date":"2022-01-05T11:40:24","date_gmt":"2022-01-05T10:40:24","guid":{"rendered":"https:\/\/biosmileintegration.com\/?post_type=product&#038;p=19780"},"modified":"2024-10-23T16:03:19","modified_gmt":"2024-10-23T14:03:19","slug":"ac-bio1-e-hex-o3-75-rp","status":"publish","type":"product","link":"https:\/\/biosmileintegration.com\/en\/produit\/ac-bio1-e-hex-o3-75-rp\/","title":{"rendered":"Bio1\u2122 e-Hex \u00d83.75 RP"},"content":{"rendered":"<p><a href=\"https:\/\/biosmileintegration.com\/wp-content\/uploads\/catalogue-implant-e-hex-2021.pdf\">Catalogue Bio1\u2122 e-Hex<\/a><\/p>\n","protected":false},"excerpt":{"rendered":"<p><strong>BioSmile Bio1\u2122 e-Hex<\/strong><br \/>\nUn implant \u00e0<strong>\u00a0connexion hexagonale externe<\/strong>\u00a0reprenant le concept original \u00e9prouv\u00e9 d\u00e9velopp\u00e9 par Br\u00e5nemark offrant des avantages exceptionnels \u00e0 long terme aux patients \u00e9dent\u00e9s.<\/p>\n<p><strong><a href=\"https:\/\/biosmileintegration.com\/wp-content\/uploads\/catalogue-implant-e-hex-2021.pdf\">Catalogue Bio1\u2122 e-Hex<\/a><\/strong><\/p>\n","protected":false},"featured_media":17778,"template":"","meta":[],"product_brand":[],"product_cat":[558,72],"product_tag":[],"class_list":{"0":"post-19780","1":"product","2":"type-product","3":"status-publish","4":"has-post-thumbnail","6":"product_cat-ab-implant-bio1-e-hex","7":"product_cat-aa-nobel-branemark-hexagon-externe-compatible","9":"first","10":"instock","11":"sale","12":"featured","13":"taxable","14":"shipping-taxable","15":"purchasable","16":"product-type-variable"},"yoast_head":"<!-- This site is optimized with the Yoast SEO plugin v27.3 - https:\/\/yoast.com\/product\/yoast-seo-wordpress\/ -->\n<title>Bio1\u2122 e-Hex \u00d83.75 RP - BIOSMILE INTEGRATION<\/title>\n<meta name=\"robots\" content=\"index, follow, max-snippet:-1, max-image-preview:large, max-video-preview:-1\" \/>\n<link rel=\"canonical\" href=\"https:\/\/biosmileintegration.com\/en\/produit\/ac-bio1-e-hex-o3-75-rp\/\" \/>\n<meta property=\"og:locale\" content=\"en_US\" \/>\n<meta property=\"og:type\" content=\"article\" \/>\n<meta property=\"og:title\" content=\"Bio1\u2122 e-Hex \u00d83.75 RP - BIOSMILE INTEGRATION\" \/>\n<meta property=\"og:description\" content=\"BioSmile Bio1\u2122 e-Hex Un implant \u00e0\u00a0connexion hexagonale externe\u00a0reprenant le concept original \u00e9prouv\u00e9 d\u00e9velopp\u00e9 par Br\u00e5nemark offrant des avantages exceptionnels \u00e0 long terme aux patients \u00e9dent\u00e9s.  Catalogue Bio1\u2122 e-Hex\" \/>\n<meta property=\"og:url\" content=\"https:\/\/biosmileintegration.com\/en\/produit\/ac-bio1-e-hex-o3-75-rp\/\" \/>\n<meta property=\"og:site_name\" content=\"BIOSMILE INTEGRATION\" \/>\n<meta property=\"article:modified_time\" content=\"2024-10-23T14:03:19+00:00\" \/>\n<meta property=\"og:image\" content=\"https:\/\/yellow-stingray-184383.hostingersite.com\/wp-content\/uploads\/BioSmileBio-1e-hex.png\" \/>\n\t<meta property=\"og:image:width\" content=\"277\" \/>\n\t<meta property=\"og:image:height\" content=\"277\" \/>\n\t<meta property=\"og:image:type\" content=\"image\/png\" \/>\n<meta name=\"twitter:card\" content=\"summary_large_image\" \/>\n<meta name=\"twitter:label1\" content=\"Est. reading time\" \/>\n\t<meta name=\"twitter:data1\" content=\"1 minute\" \/>\n<script type=\"application\/ld+json\" class=\"yoast-schema-graph\">{\"@context\":\"https:\\\/\\\/schema.org\",\"@graph\":[{\"@type\":\"WebPage\",\"@id\":\"https:\\\/\\\/biosmileintegration.com\\\/en\\\/produit\\\/ac-bio1-e-hex-o3-75-rp\\\/\",\"url\":\"https:\\\/\\\/biosmileintegration.com\\\/en\\\/produit\\\/ac-bio1-e-hex-o3-75-rp\\\/\",\"name\":\"Bio1\u2122 e-Hex \u00d83.75 RP - BIOSMILE INTEGRATION\",\"isPartOf\":{\"@id\":\"https:\\\/\\\/yellow-stingray-184383.hostingersite.com\\\/#website\"},\"primaryImageOfPage\":{\"@id\":\"https:\\\/\\\/biosmileintegration.com\\\/en\\\/produit\\\/ac-bio1-e-hex-o3-75-rp\\\/#primaryimage\"},\"image\":{\"@id\":\"https:\\\/\\\/biosmileintegration.com\\\/en\\\/produit\\\/ac-bio1-e-hex-o3-75-rp\\\/#primaryimage\"},\"thumbnailUrl\":\"https:\\\/\\\/biosmileintegration.com\\\/wp-content\\\/uploads\\\/BioSmileBio-1e-hex.png\",\"datePublished\":\"2022-01-05T10:40:24+00:00\",\"dateModified\":\"2024-10-23T14:03:19+00:00\",\"breadcrumb\":{\"@id\":\"https:\\\/\\\/biosmileintegration.com\\\/en\\\/produit\\\/ac-bio1-e-hex-o3-75-rp\\\/#breadcrumb\"},\"inLanguage\":\"en-US\",\"potentialAction\":[{\"@type\":\"ReadAction\",\"target\":[\"https:\\\/\\\/biosmileintegration.com\\\/en\\\/produit\\\/ac-bio1-e-hex-o3-75-rp\\\/\"]}]},{\"@type\":\"ImageObject\",\"inLanguage\":\"en-US\",\"@id\":\"https:\\\/\\\/biosmileintegration.com\\\/en\\\/produit\\\/ac-bio1-e-hex-o3-75-rp\\\/#primaryimage\",\"url\":\"https:\\\/\\\/biosmileintegration.com\\\/wp-content\\\/uploads\\\/BioSmileBio-1e-hex.png\",\"contentUrl\":\"https:\\\/\\\/biosmileintegration.com\\\/wp-content\\\/uploads\\\/BioSmileBio-1e-hex.png\",\"width\":277,\"height\":277},{\"@type\":\"BreadcrumbList\",\"@id\":\"https:\\\/\\\/biosmileintegration.com\\\/en\\\/produit\\\/ac-bio1-e-hex-o3-75-rp\\\/#breadcrumb\",\"itemListElement\":[{\"@type\":\"ListItem\",\"position\":1,\"name\":\"Accueil\",\"item\":\"https:\\\/\\\/yellow-stingray-184383.hostingersite.com\\\/\"},{\"@type\":\"ListItem\",\"position\":2,\"name\":\"Shop\",\"item\":\"https:\\\/\\\/yellow-stingray-184383.hostingersite.com\\\/boutique-dentaire\\\/\"},{\"@type\":\"ListItem\",\"position\":3,\"name\":\"Bio1\u2122 e-Hex \u00d83.75 RP\"}]},{\"@type\":\"WebSite\",\"@id\":\"https:\\\/\\\/yellow-stingray-184383.hostingersite.com\\\/#website\",\"url\":\"https:\\\/\\\/yellow-stingray-184383.hostingersite.com\\\/\",\"name\":\"BioSmile Integration\",\"description\":\"Lorsque le sur mesure devient le standard\",\"publisher\":{\"@id\":\"https:\\\/\\\/yellow-stingray-184383.hostingersite.com\\\/#organization\"},\"potentialAction\":[{\"@type\":\"SearchAction\",\"target\":{\"@type\":\"EntryPoint\",\"urlTemplate\":\"https:\\\/\\\/yellow-stingray-184383.hostingersite.com\\\/?s={search_term_string}\"},\"query-input\":{\"@type\":\"PropertyValueSpecification\",\"valueRequired\":true,\"valueName\":\"search_term_string\"}}],\"inLanguage\":\"en-US\"},{\"@type\":\"Organization\",\"@id\":\"https:\\\/\\\/yellow-stingray-184383.hostingersite.com\\\/#organization\",\"name\":\"BIOSMILE INTEGRATION\",\"url\":\"https:\\\/\\\/yellow-stingray-184383.hostingersite.com\\\/\",\"logo\":{\"@type\":\"ImageObject\",\"inLanguage\":\"en-US\",\"@id\":\"https:\\\/\\\/yellow-stingray-184383.hostingersite.com\\\/#\\\/schema\\\/logo\\\/image\\\/\",\"url\":\"https:\\\/\\\/biosmileintegration.com\\\/wp-content\\\/uploads\\\/logo-BIOSMILE-INTEGRATION-branemark-1.jpg\",\"contentUrl\":\"https:\\\/\\\/biosmileintegration.com\\\/wp-content\\\/uploads\\\/logo-BIOSMILE-INTEGRATION-branemark-1.jpg\",\"width\":1832,\"height\":637,\"caption\":\"BIOSMILE INTEGRATION\"},\"image\":{\"@id\":\"https:\\\/\\\/yellow-stingray-184383.hostingersite.com\\\/#\\\/schema\\\/logo\\\/image\\\/\"},\"sameAs\":[\"http:\\\/\\\/www.linkedin.com\\\/in\\\/karim-loughsala-mikael-escobar-99100631\"]}]}<\/script>\n<!-- \/ Yoast SEO plugin. -->","yoast_head_json":{"title":"Bio1\u2122 e-Hex \u00d83.75 RP - BIOSMILE INTEGRATION","robots":{"index":"index","follow":"follow","max-snippet":"max-snippet:-1","max-image-preview":"max-image-preview:large","max-video-preview":"max-video-preview:-1"},"canonical":"https:\/\/biosmileintegration.com\/en\/produit\/ac-bio1-e-hex-o3-75-rp\/","og_locale":"en_US","og_type":"article","og_title":"Bio1\u2122 e-Hex \u00d83.75 RP - BIOSMILE INTEGRATION","og_description":"BioSmile Bio1\u2122 e-Hex Un implant \u00e0\u00a0connexion hexagonale externe\u00a0reprenant le concept original \u00e9prouv\u00e9 d\u00e9velopp\u00e9 par Br\u00e5nemark offrant des avantages exceptionnels \u00e0 long terme aux patients \u00e9dent\u00e9s.  Catalogue Bio1\u2122 e-Hex","og_url":"https:\/\/biosmileintegration.com\/en\/produit\/ac-bio1-e-hex-o3-75-rp\/","og_site_name":"BIOSMILE INTEGRATION","article_modified_time":"2024-10-23T14:03:19+00:00","og_image":[{"width":277,"height":277,"url":"https:\/\/yellow-stingray-184383.hostingersite.com\/wp-content\/uploads\/BioSmileBio-1e-hex.png","type":"image\/png"}],"twitter_card":"summary_large_image","twitter_misc":{"Est. reading time":"1 minute"},"schema":{"@context":"https:\/\/schema.org","@graph":[{"@type":"WebPage","@id":"https:\/\/biosmileintegration.com\/en\/produit\/ac-bio1-e-hex-o3-75-rp\/","url":"https:\/\/biosmileintegration.com\/en\/produit\/ac-bio1-e-hex-o3-75-rp\/","name":"Bio1\u2122 e-Hex \u00d83.75 RP - BIOSMILE INTEGRATION","isPartOf":{"@id":"https:\/\/yellow-stingray-184383.hostingersite.com\/#website"},"primaryImageOfPage":{"@id":"https:\/\/biosmileintegration.com\/en\/produit\/ac-bio1-e-hex-o3-75-rp\/#primaryimage"},"image":{"@id":"https:\/\/biosmileintegration.com\/en\/produit\/ac-bio1-e-hex-o3-75-rp\/#primaryimage"},"thumbnailUrl":"https:\/\/biosmileintegration.com\/wp-content\/uploads\/BioSmileBio-1e-hex.png","datePublished":"2022-01-05T10:40:24+00:00","dateModified":"2024-10-23T14:03:19+00:00","breadcrumb":{"@id":"https:\/\/biosmileintegration.com\/en\/produit\/ac-bio1-e-hex-o3-75-rp\/#breadcrumb"},"inLanguage":"en-US","potentialAction":[{"@type":"ReadAction","target":["https:\/\/biosmileintegration.com\/en\/produit\/ac-bio1-e-hex-o3-75-rp\/"]}]},{"@type":"ImageObject","inLanguage":"en-US","@id":"https:\/\/biosmileintegration.com\/en\/produit\/ac-bio1-e-hex-o3-75-rp\/#primaryimage","url":"https:\/\/biosmileintegration.com\/wp-content\/uploads\/BioSmileBio-1e-hex.png","contentUrl":"https:\/\/biosmileintegration.com\/wp-content\/uploads\/BioSmileBio-1e-hex.png","width":277,"height":277},{"@type":"BreadcrumbList","@id":"https:\/\/biosmileintegration.com\/en\/produit\/ac-bio1-e-hex-o3-75-rp\/#breadcrumb","itemListElement":[{"@type":"ListItem","position":1,"name":"Accueil","item":"https:\/\/yellow-stingray-184383.hostingersite.com\/"},{"@type":"ListItem","position":2,"name":"Shop","item":"https:\/\/yellow-stingray-184383.hostingersite.com\/boutique-dentaire\/"},{"@type":"ListItem","position":3,"name":"Bio1\u2122 e-Hex \u00d83.75 RP"}]},{"@type":"WebSite","@id":"https:\/\/yellow-stingray-184383.hostingersite.com\/#website","url":"https:\/\/yellow-stingray-184383.hostingersite.com\/","name":"BioSmile Integration","description":"Lorsque le sur mesure devient le standard","publisher":{"@id":"https:\/\/yellow-stingray-184383.hostingersite.com\/#organization"},"potentialAction":[{"@type":"SearchAction","target":{"@type":"EntryPoint","urlTemplate":"https:\/\/yellow-stingray-184383.hostingersite.com\/?s={search_term_string}"},"query-input":{"@type":"PropertyValueSpecification","valueRequired":true,"valueName":"search_term_string"}}],"inLanguage":"en-US"},{"@type":"Organization","@id":"https:\/\/yellow-stingray-184383.hostingersite.com\/#organization","name":"BIOSMILE INTEGRATION","url":"https:\/\/yellow-stingray-184383.hostingersite.com\/","logo":{"@type":"ImageObject","inLanguage":"en-US","@id":"https:\/\/yellow-stingray-184383.hostingersite.com\/#\/schema\/logo\/image\/","url":"https:\/\/biosmileintegration.com\/wp-content\/uploads\/logo-BIOSMILE-INTEGRATION-branemark-1.jpg","contentUrl":"https:\/\/biosmileintegration.com\/wp-content\/uploads\/logo-BIOSMILE-INTEGRATION-branemark-1.jpg","width":1832,"height":637,"caption":"BIOSMILE INTEGRATION"},"image":{"@id":"https:\/\/yellow-stingray-184383.hostingersite.com\/#\/schema\/logo\/image\/"},"sameAs":["http:\/\/www.linkedin.com\/in\/karim-loughsala-mikael-escobar-99100631"]}]}},"_links":{"self":[{"href":"https:\/\/biosmileintegration.com\/en\/wp-json\/wp\/v2\/product\/19780","targetHints":{"allow":["GET"]}}],"collection":[{"href":"https:\/\/biosmileintegration.com\/en\/wp-json\/wp\/v2\/product"}],"about":[{"href":"https:\/\/biosmileintegration.com\/en\/wp-json\/wp\/v2\/types\/product"}],"wp:featuredmedia":[{"embeddable":true,"href":"https:\/\/biosmileintegration.com\/en\/wp-json\/wp\/v2\/media\/17778"}],"wp:attachment":[{"href":"https:\/\/biosmileintegration.com\/en\/wp-json\/wp\/v2\/media?parent=19780"}],"wp:term":[{"taxonomy":"product_brand","embeddable":true,"href":"https:\/\/biosmileintegration.com\/en\/wp-json\/wp\/v2\/product_brand?post=19780"},{"taxonomy":"product_cat","embeddable":true,"href":"https:\/\/biosmileintegration.com\/en\/wp-json\/wp\/v2\/product_cat?post=19780"},{"taxonomy":"product_tag","embeddable":true,"href":"https:\/\/biosmileintegration.com\/en\/wp-json\/wp\/v2\/product_tag?post=19780"}],"curies":[{"name":"wp","href":"https:\/\/api.w.org\/{rel}","templated":true}]}}